{"id":2164,"date":"2023-04-28T13:49:15","date_gmt":"2023-04-28T12:49:15","guid":{"rendered":"https:\/\/reservas.alquezarbuenaventura.com\/?post_type=product&#038;p=2164"},"modified":"2025-04-01T09:39:56","modified_gmt":"2025-04-01T08:39:56","slug":"paiments","status":"publish","type":"product","link":"https:\/\/reservas.alquezarbuenaventura.com\/fr\/produit\/paiments\/","title":{"rendered":"Buenaventura Alqueza \u2013 Paiements"},"content":{"rendered":"","protected":false},"excerpt":{"rendered":"<p><strong>PAIEMENT DES ACTIVIT\u00c9S :<\/strong><\/p>\n<p>Indique le montant de l&rsquo;activit\u00e9 et ajoute-le \u00e0 ton panier.<\/p>\n<p>Finalise l&rsquo;achat en renseignant tes coordonn\u00e9es et les informations de ta carte de cr\u00e9dit pour effectuer le paiement.<\/p>\n<p>Confirme le paiement et attends le message confirmant que la transaction a \u00e9t\u00e9 effectu\u00e9e avec succ\u00e8s.<\/p>\n","protected":false},"featured_media":3556,"template":"","meta":[],"product_brand":[],"product_cat":[48],"product_tag":[],"class_list":{"0":"post-2164","1":"product","2":"type-product","3":"status-publish","4":"has-post-thumbnail","6":"product_cat-sin-categorizar-fr","8":"first","9":"instock","10":"virtual","11":"purchasable","12":"product-type-simple"},"_links":{"self":[{"href":"https:\/\/reservas.alquezarbuenaventura.com\/fr\/wp-json\/wp\/v2\/product\/2164","targetHints":{"allow":["GET"]}}],"collection":[{"href":"https:\/\/reservas.alquezarbuenaventura.com\/fr\/wp-json\/wp\/v2\/product"}],"about":[{"href":"https:\/\/reservas.alquezarbuenaventura.com\/fr\/wp-json\/wp\/v2\/types\/product"}],"wp:featuredmedia":[{"embeddable":true,"href":"https:\/\/reservas.alquezarbuenaventura.com\/fr\/wp-json\/wp\/v2\/media\/3556"}],"wp:attachment":[{"href":"https:\/\/reservas.alquezarbuenaventura.com\/fr\/wp-json\/wp\/v2\/media?parent=2164"}],"wp:term":[{"taxonomy":"product_brand","embeddable":true,"href":"https:\/\/reservas.alquezarbuenaventura.com\/fr\/wp-json\/wp\/v2\/product_brand?post=2164"},{"taxonomy":"product_cat","embeddable":true,"href":"https:\/\/reservas.alquezarbuenaventura.com\/fr\/wp-json\/wp\/v2\/product_cat?post=2164"},{"taxonomy":"product_tag","embeddable":true,"href":"https:\/\/reservas.alquezarbuenaventura.com\/fr\/wp-json\/wp\/v2\/product_tag?post=2164"}],"curies":[{"name":"wp","href":"https:\/\/api.w.org\/{rel}","templated":true}]}}